{"id":1513,"date":"2023-11-16T14:15:55","date_gmt":"2023-11-16T14:15:55","guid":{"rendered":"https:\/\/iconda.raap.es\/?page_id=1513"},"modified":"2025-11-06T01:34:30","modified_gmt":"2025-11-06T00:34:30","slug":"elementor-1513","status":"publish","type":"page","link":"https:\/\/iconda.raap.es\/index.php\/elementor-1513\/","title":{"rendered":"Publications"},"content":{"rendered":"\t\t<div data-elementor-type=\"wp-post\" data-elementor-id=\"1513\" class=\"elementor elementor-1513\">\n\t\t\t\t<div class=\"elementor-element elementor-element-c97e7f8 e-flex e-con-boxed e-con e-parent\" data-id=\"c97e7f8\" data-element_type=\"container\" data-e-type=\"container\">\n\t\t\t\t\t<div class=\"e-con-inner\">\n\t\t\t\t<div class=\"elementor-element elementor-element-0399130 elementor-widget elementor-widget-heading\" data-id=\"0399130\" data-element_type=\"widget\" data-e-type=\"widget\" data-widget_type=\"heading.default\">\n\t\t\t\t<div class=\"elementor-widget-container\">\n\t\t\t\t\t<h2 class=\"elementor-heading-title elementor-size-default\">Journals<\/h2>\t\t\t\t<\/div>\n\t\t\t\t<\/div>\n\t\t\t\t<div class=\"elementor-element elementor-element-58c5c93 elementor-widget elementor-widget-heading\" data-id=\"58c5c93\" data-element_type=\"widget\" data-e-type=\"widget\" data-widget_type=\"heading.default\">\n\t\t\t\t<div class=\"elementor-widget-container\">\n\t\t\t\t\t<h3 class=\"elementor-heading-title elementor-size-default\">2025<\/h3>\t\t\t\t<\/div>\n\t\t\t\t<\/div>\n\t\t\t\t<div class=\"elementor-element elementor-element-b01ee65 elementor-widget elementor-widget-text-editor\" data-id=\"b01ee65\" data-element_type=\"widget\" data-e-type=\"widget\" data-widget_type=\"text-editor.default\">\n\t\t\t\t<div class=\"elementor-widget-container\">\n\t\t\t\t\t\t\t\t\t<ul>\n \t<li>C. Torres-P\u00e9rez, E. Coronado, C. Cervell\u00f3-Pastor, J. Palomares, E. Carmona-Cejudo, and M.S. Siddiqui, &#8220;<em>Minimizing active nodes in MEC environments: A distributed learning-driven framework for application placement<\/em>,&#8221; Computer Networks, 2025.<a href=\"https:\/\/doi.org\/10.1016\/j.comnet.2024.111008\"> https:\/\/doi.org\/10.1016\/j.comnet.2024.111008<\/a><\/li>\n \t<li>J. Palomares, E. Coronado, A. C\u00e1rdenas, G. Cebri\u00e1n-M\u00e1rquez, E. Carmona-Cejudo, and A. Fern\u00e1ndez-Fern\u00e1ndez, &#8220;<em>Towards Field-Level Device Orchestration in Industrial MEC Deployments<\/em>,&#8221; IEEE Industrial Electronics Magazine, 2025. <a href=\"https:\/\/doi.org\/10.1109\/MIE.2025.3546866\">https:\/\/doi.org\/10.1109\/MIE.2025.3546866<\/a><\/li>\n \t<li>S. Ruiz-Villafranca, J. Rold\u00e1n-G\u00f3mez, J. Carrillo-Mond\u00e9jar, J.L. Mart\u00ednez, and C.H. Ga\u00f1\u00e1n, &#8220;<em>WFE-Tab: Overcoming limitations of TabPFN in IIoT-MEC environments with a weighted fusion ensemble-TabPFN model for improved IDS performance<\/em>,&#8221; Future Generation Computer Systems, 2025. <a href=\"https:\/\/doi.org\/10.1016\/j.future.2025.107707\">https:\/\/doi.org\/10.1016\/j.future.2025.107707<\/a><\/li>\n \t<li>P. Fern\u00e1ndez-Lagos, B. R\u00edos, H. Kalva, G. Cebri\u00e1n-M\u00e1rquez, G. Vigueras, and A.J. D\u00edaz-Honrubia, &#8220;<em>PAVEN: A Perceptual Algorithm for Versatile video Encoding using Neural networks<\/em>,&#8221; Engineering Applications of Artificial Intelligence, 2025. <a href=\"https:\/\/doi.org\/10.1016\/j.engappai.2025.111664\">https:\/\/doi.org\/10.1016\/j.engappai.2025.111664<\/a><\/li>\n \t<li>J. Palomares, E. Coronado, A. Tzenetopoulos, G. Lentaris, C. Cervell\u00f3-Pastor, and M.S. Siddiqui, &#8220;<em>Hardware-Accelerated Edge AI Orchestration on the Multi-Tier Edge-to-Cloud Continuum<\/em>,&#8221; Journal of Network and Systems Management, 2025. <a href=\"https:\/\/doi.org\/10.1007\/s10922-025-09959-4\">https:\/\/doi.org\/10.1007\/s10922-025-09959-4<\/a><\/li>\n \t<li>L.M. Garc\u00eda-S\u00e1ez, S. Ruiz-Villafranca, J. Rold\u00e1n-G\u00f3mez, J. Carrillo-Mond\u00e9jar, and J.L. Mart\u00ednez, &#8220;<em>Poisoning-Resilient Federated Learning for MEC-IoT Environments Using Blockchain<\/em>,&#8221; ACM Transactions on Internet Technology, 2025. <a href=\"https:\/\/doi.org\/10.1145\/3767740\">https:\/\/doi.org\/10.1145\/3767740<\/a><\/li>\n \t<li>J. Palomares, E. Carmona-Cejudo, C. Cervell\u00f3-Pastor, E. Coronado, H. Chergui, and M.S. Siddiqui, &#8220;<em>Inter-AGV Scheduling and a Novel Multi-Agent Collaborative Protocol for Intra-AGV Resource Allocation in MEC-Enabled Multi-AGV Scenarios<\/em>,&#8221; IEEE Open Journal of the Communications Society, 2025. <a href=\"https:\/\/doi.org\/10.1109\/OJCOMS.2025.3567585\">https:\/\/doi.org\/10.1109\/OJCOMS.2025.3567585<\/a><\/li>\n<\/ul>\t\t\t\t\t\t\t\t<\/div>\n\t\t\t\t<\/div>\n\t\t\t\t<div class=\"elementor-element elementor-element-3e4fb77 elementor-widget elementor-widget-heading\" data-id=\"3e4fb77\" data-element_type=\"widget\" data-e-type=\"widget\" data-widget_type=\"heading.default\">\n\t\t\t\t<div class=\"elementor-widget-container\">\n\t\t\t\t\t<h3 class=\"elementor-heading-title elementor-size-default\">2024\n<\/h3>\t\t\t\t<\/div>\n\t\t\t\t<\/div>\n\t\t\t\t<div class=\"elementor-element elementor-element-5da3b93 elementor-widget elementor-widget-text-editor\" data-id=\"5da3b93\" data-element_type=\"widget\" data-e-type=\"widget\" data-widget_type=\"text-editor.default\">\n\t\t\t\t<div class=\"elementor-widget-container\">\n\t\t\t\t\t\t\t\t\t<ul>\n \t<li>S. Ruiz-Villafranca, J.M.C. G\u00f3mez, and J. Rold\u00e1n-G\u00f3mez, &#8220;<em>A forensic tool for the identification, acquisition and analysis of sources of evidence in IoT investigations<\/em>,&#8221; Internet of Things, 2024. <a href=\"https:\/\/doi.org\/10.1016\/j.iot.2024.101308\">https:\/\/doi.org\/10.1016\/j.iot.2024.101308<\/a><\/li>\n \t<li>B. G\u00f3mez, S. Bayhan, E. Coronado, J. Villal\u00f3n, and A. Garrido, &#8220;<em>LESS-ON: Load-Aware Edge Server Shutdown for Energy Saving in Cellular Networks<\/em>,&#8221; Elsevier Computer Networks, 2024. <a href=\"https:\/\/doi.org\/10.1016\/j.comnet.2024.110675\">https:\/\/doi.org\/10.1016\/j.comnet.2024.110675<\/a><\/li>\n \t<li>S. Ruiz-Villafranca, J. Rold\u00e1n-G\u00f3mez, J.M.C. G\u00f3mez, J. Carrillo-Mond\u00e9jar, and J.L. Mart\u00ednez, &#8220;<em>A TabPFN-based intrusion detection system for the industrial internet of things<\/em>,&#8221;\u00a0The Journal of Supercomputing, 2024. <a href=\"https:\/\/doi.org\/10.1007\/s11227-024-06166-x\">https:\/\/doi.org\/10.1007\/s11227-024-06166-x<\/a><\/li>\n \t<li>B. G\u00f3mez, E. Coronado, J. Villal\u00f3n, and A. Garrido, &#8220;<em>Evaluation of the IEEE 802.11aa group addressed service in VHT Wi-Fi networks<\/em>,&#8221; Telecommunication Systems, 2024. <a href=\"https:\/\/doi.org\/10.1007\/s11235-024-01203-9\">https:\/\/doi.org\/10.1007\/s11235-024-01203-9<\/a><\/li>\n \t<li>A. Gonz\u00e1lez-Ruiz, A.J. D\u00edaz-Honrubia, S. Tapia-Fern\u00e1ndez, D. Garc\u00eda-Lucas, G. Cebri\u00e1n-M\u00e1rquez, and L. Mengual-Gal\u00e1n, &#8220;<em>Adaptive quadtree splitting parallelization (AQSP) algorithm for the VVC standard<\/em>,&#8221; The Journal of Supercomputing, 2024. <a href=\"https:\/\/doi.org\/10.1007\/s11227-024-06023-x\">https:\/\/doi.org\/10.1007\/s11227-024-06023-x<\/a><\/li>\n \t<li>B. G\u00f3mez, E. Coronado, J. Villal\u00f3n, and A. Garrido, &#8220;<em>Energy-Focused Simulation of Edge Computing Architectures in 5G Networks<\/em>,&#8221; The Journal of Supercomputing, 2024. <a href=\"https:\/\/doi.org\/10.1007\/s11227-024-05926-z\">https:\/\/doi.org\/10.1007\/s11227-024-05926-z<\/a><\/li>\n \t<li>S. Ruiz-Villafranca, J.M.C. G\u00f3mez, J. Carrillo-Mond\u00e9jar, and J. Rold\u00e1n-G\u00f3mez, &#8220;<em>A self-contained emulator for the forensic examination of IoE scenarios<\/em>,&#8221; Ad Hoc Networks, 2024. <a href=\"https:\/\/doi.org\/10.1016\/J.ADHOC.2024.103718\">https:\/\/doi.org\/10.1016\/J.ADHOC.2024.103718<\/a><\/li>\n<\/ul>\t\t\t\t\t\t\t\t<\/div>\n\t\t\t\t<\/div>\n\t\t\t\t\t<\/div>\n\t\t\t\t<\/div>\n\t\t<div class=\"elementor-element elementor-element-0c786da e-flex e-con-boxed e-con e-parent\" data-id=\"0c786da\" data-element_type=\"container\" data-e-type=\"container\">\n\t\t\t\t\t<div class=\"e-con-inner\">\n\t\t\t\t<div class=\"elementor-element elementor-element-cd1dbae elementor-widget-divider--view-line elementor-widget elementor-widget-divider\" data-id=\"cd1dbae\" data-element_type=\"widget\" data-e-type=\"widget\" data-widget_type=\"divider.default\">\n\t\t\t\t<div class=\"elementor-widget-container\">\n\t\t\t\t\t\t\t<div class=\"elementor-divider\">\n\t\t\t<span class=\"elementor-divider-separator\">\n\t\t\t\t\t\t<\/span>\n\t\t<\/div>\n\t\t\t\t\t\t<\/div>\n\t\t\t\t<\/div>\n\t\t\t\t\t<\/div>\n\t\t\t\t<\/div>\n\t\t<div class=\"elementor-element elementor-element-776c262 e-flex e-con-boxed e-con e-parent\" data-id=\"776c262\" data-element_type=\"container\" data-e-type=\"container\">\n\t\t\t\t\t<div class=\"e-con-inner\">\n\t\t\t\t<div class=\"elementor-element elementor-element-67d04f6 elementor-widget elementor-widget-heading\" data-id=\"67d04f6\" data-element_type=\"widget\" data-e-type=\"widget\" data-widget_type=\"heading.default\">\n\t\t\t\t<div class=\"elementor-widget-container\">\n\t\t\t\t\t<h2 class=\"elementor-heading-title elementor-size-default\">Conferences<\/h2>\t\t\t\t<\/div>\n\t\t\t\t<\/div>\n\t\t\t\t<div class=\"elementor-element elementor-element-aa04a37 elementor-widget elementor-widget-heading\" data-id=\"aa04a37\" data-element_type=\"widget\" data-e-type=\"widget\" data-widget_type=\"heading.default\">\n\t\t\t\t<div class=\"elementor-widget-container\">\n\t\t\t\t\t<h3 class=\"elementor-heading-title elementor-size-default\">2025<\/h3>\t\t\t\t<\/div>\n\t\t\t\t<\/div>\n\t\t\t\t<div class=\"elementor-element elementor-element-164e1cf elementor-widget elementor-widget-text-editor\" data-id=\"164e1cf\" data-element_type=\"widget\" data-e-type=\"widget\" data-widget_type=\"text-editor.default\">\n\t\t\t\t<div class=\"elementor-widget-container\">\n\t\t\t\t\t\t\t\t\t<ul>\n \t<li>J. Palomares, E. Carmona-Cejudo, C. Cervell\u00f3-Pastor, E. Coronado, and M.S. Siddiqui, &#8220;<em>Enhanced Multi-Task Scheduling in MEC-Enabled Industrial Systems: Integrating Deep Reinforcement Learning with Optimizer Experiences<\/em>,&#8221; 2025 IEEE Wireless Communications and Networking Conference (WCNC), Milan, Italy, 2025. <a href=\"https:\/\/doi.org\/10.1109\/WCNC61545.2025.10978496\">https:\/\/doi.org\/10.1109\/WCNC61545.2025.10978496<\/a><\/li>\n \t<li>S. Ruiz-Villafranca, L.M. Garc\u00eda-S\u00e1ez, J. Rold\u00e1n-G\u00f3mez, J. Carrillo-Mond\u00e9jar, and J.L. Mart\u00ednez, &#8220;<em>Adaptive Weighted Ensemble Learning for Intrusion Detection in Industrial IoT and Edge Computing<\/em>,&#8221; 2025 IEEE International Conference on Cyber Security and Resilience (CSR), Chania, Crete, Greece, 2025. <a href=\"https:\/\/doi.org\/10.1109\/CSR64739.2025.11130034\">https:\/\/doi.org\/10.1109\/CSR64739.2025.11130034<\/a><\/li>\n \t<li>J. Palomares, E. Coronado, C. Cervell\u00f3-Pastor, and M.S. Siddiqui, &#8220;<em>AI-Driven NFV Service Chaining Across the Edge-to-Cloud Continuum: Placement, Fairness, and Coordination<\/em>,&#8221; 2025 34th International Conference on Computer Communications and Networks (ICCCN), Tokyo, Japan, 2025. <a href=\"https:\/\/doi.org\/10.1109\/ICCCN65249.2025.11133775\">https:\/\/doi.org\/10.1109\/ICCCN65249.2025.11133775<\/a><\/li>\n \t<li>J. Palomares, C. Camerota, E. Coronado, C. Cervell\u00f3-Pastor, M.S. Siddiqui, and F. Esposito, &#8220;<em>Taming Bandwidth Bottlenecks in Federated Learning via ECN-based Gradient Compression<\/em>,&#8221; 21st International Conference on Network and Service Management (CNSM), Bologna, Italy, 2025.<\/li>\n \t<li>L.M. Garc\u00eda-S\u00e1ez, S. Ruiz-Villafranca, J. Rold\u00e1n-G\u00f3mez, J. Carrillo-Mond\u00e9jar, and J.L. Mart\u00ednez, &#8220;<em>Federated Learning Under Attack: Threats, Challenges, and Defense Strategies<\/em>,&#8221; 2nd International Conference of Modelling, Data Analytics and AI in Engineering (MadeAI), Porto, Portugal, 2025.<\/li>\n<\/ul>\t\t\t\t\t\t\t\t<\/div>\n\t\t\t\t<\/div>\n\t\t\t\t<div class=\"elementor-element elementor-element-2fbabce elementor-widget elementor-widget-heading\" data-id=\"2fbabce\" data-element_type=\"widget\" data-e-type=\"widget\" data-widget_type=\"heading.default\">\n\t\t\t\t<div class=\"elementor-widget-container\">\n\t\t\t\t\t<h3 class=\"elementor-heading-title elementor-size-default\">2024<\/h3>\t\t\t\t<\/div>\n\t\t\t\t<\/div>\n\t\t\t\t<div class=\"elementor-element elementor-element-44993a7 elementor-widget elementor-widget-text-editor\" data-id=\"44993a7\" data-element_type=\"widget\" data-e-type=\"widget\" data-widget_type=\"text-editor.default\">\n\t\t\t\t<div class=\"elementor-widget-container\">\n\t\t\t\t\t\t\t\t\t<ul>\n \t<li>J. Palomares, E. Coronado, E. Carmona-Cejudo, A. C\u00e1rdenas, G. Cebri\u00e1n-M\u00e1rquez, and A. Fern\u00e1ndez-Fern\u00e1ndez, &#8220;<em>Field-Level Device Orchestration in Industrial MEC<\/em>,&#8221; 2024 IEEE Conference on Standards for Communications and Networking (CSCN), Belgrade, Serbia, 2024. <a href=\"https:\/\/doi.org\/10.1109\/CSCN63874.2024.10849689\">https:\/\/doi.org\/10.1109\/CSCN63874.2024.10849689<\/a><\/li>\n \t<li>J. Palomares, E. Coronado, C. Cervello-Pastor, and M.S. Siddiqui, &#8220;<em>Enabling Federation at the Edge: A Cloud-Native MEC Orchestrator for Federated MEC Systems<\/em>,&#8221; 2024 IEEE EuCNC &amp; 6G Summit 2024, Antwerp, Belgium, 2024.<\/li>\n \t<li>J. Palomares, E. Coronado, C. Cervell\u00f3-Pastor, E. Carmona-Cejudo, and M.S. Siddiqui, &#8220;<em>MEO: An Enhanced MEC Orchestrator for Federated and Distributed MEC Systems<\/em>,&#8221; GLOBECOM 2024 &#8211; 2024 IEEE Global Communications Conference (GLOBECOM), Cape Town, 2024. <a href=\"https:\/\/doi.org\/10.1109\/GLOBECOM52923.2024.10901244\">https:\/\/doi.org\/10.1109\/GLOBECOM52923.2024.10901244<\/a><\/li>\n \t<li>J. Kessler-Mart\u00edn, P. Fern\u00e1ndez-Lagos, D. Garc\u00eda-Lucas, G. Cebri\u00e1n-M\u00e1rquez, B. R\u00edos, G. Vigueras, and A.J. D\u00edaz-Honrubia, &#8220;<em>Saliency dataset and predictive model for areas of interest in VVC perceptual coding<\/em>,&#8221; 2024 IEEE International Conference on Multimedia and Expo (ICME), Niagara Falls, ON, Canada, 2024. <a href=\"https:\/\/doi.org\/10.1109\/ICME57554.2024.10687868\">https:\/\/doi.org\/10.1109\/ICME57554.2024.10687868<\/a><\/li>\n \t<li>B. G\u00f3mez, S. Bayhan, E. Coronado, J. Villal\u00f3n, and A. Garrido,\u00a0&#8220;<em>ODESA: Load-Dependent Edge Server Activation for Lower Energy Footprint<\/em>,&#8221; 2024 IEEE Wireless Communications and Networking Conference (WCNC), Dubai, United Arab Emirates, 2024. <a href=\"https:\/\/doi.org\/10.1109\/WCNC57260.2024.10570750\">https:\/\/doi.org\/10.1109\/WCNC57260.2024.10570750<\/a><\/li>\n<\/ul>\t\t\t\t\t\t\t\t<\/div>\n\t\t\t\t<\/div>\n\t\t\t\t<div class=\"elementor-element elementor-element-2f28b09 elementor-widget elementor-widget-heading\" data-id=\"2f28b09\" data-element_type=\"widget\" data-e-type=\"widget\" data-widget_type=\"heading.default\">\n\t\t\t\t<div class=\"elementor-widget-container\">\n\t\t\t\t\t<h3 class=\"elementor-heading-title elementor-size-default\">2023<\/h3>\t\t\t\t<\/div>\n\t\t\t\t<\/div>\n\t\t\t\t<div class=\"elementor-element elementor-element-712b71a elementor-widget elementor-widget-text-editor\" data-id=\"712b71a\" data-element_type=\"widget\" data-e-type=\"widget\" data-widget_type=\"text-editor.default\">\n\t\t\t\t<div class=\"elementor-widget-container\">\n\t\t\t\t\t\t\t\t\t<ul>\n \t<li>A. Gonz\u00e1lez-Ruiz, A.J. D\u00edaz-Honrubia, S. Tapia-Fern\u00e1ndez, D. Garc\u00eda-Lucas, G. Cebri\u00e1n-M\u00e1rquez, and L. Mengual-Gal\u00e1n, &#8220;<em>A parallel quadtree partitioning algorithm for the VVC standard<\/em>,&#8221; 23rd International Conference on Computational and Mathematical Methods in Science and Engineering (CMMSE), Rota, C\u00e1diz, Spain, 2023.\u00a0<a href=\"https:\/\/oa.upm.es\/80568\/\">https:\/\/oa.upm.es\/80568\/<\/a><\/li>\n \t<li>B. G\u00f3mez, S. Bayhan, E. Coronado, J. Villal\u00f3n, and A. Garrido, &#8220;<em>MintEDGE: Multi-tier sImulator for eNergy-aware sTrategies in Edge Computing<\/em>,&#8221; Proceedings of the 29th Annual International Conference on Mobile Computing and Networking (ACM MobiCom), Madrid, Spain, 2023. <a href=\"https:\/\/doi.org\/10.1145\/3570361.3615727\">https:\/\/doi.org\/10.1145\/3570361.3615727<\/a><\/li>\n \t<li>C. Torres-P\u00e9rez, E. Coronado, C. Cervell\u00f3-Pastor, and M.S. Siddiqui, &#8220;<em>Service Management in Dynamic Edge Environments<\/em>,&#8221; 2023 European Conference on Parallel Processing (Euro-Par), Limassol, Cyprus, 2023. <a href=\"https:\/\/doi.org\/10.1007\/978-3-031-48803-0_38\">https:\/\/doi.org\/10.1007\/978-3-031-48803-0_38<\/a><\/li>\n<\/ul>\t\t\t\t\t\t\t\t<\/div>\n\t\t\t\t<\/div>\n\t\t\t\t\t<\/div>\n\t\t\t\t<\/div>\n\t\t<div class=\"elementor-element elementor-element-16b2521 e-flex e-con-boxed e-con e-parent\" data-id=\"16b2521\" data-element_type=\"container\" data-e-type=\"container\">\n\t\t\t\t\t<div class=\"e-con-inner\">\n\t\t\t\t<div class=\"elementor-element elementor-element-e58029a elementor-widget-divider--view-line elementor-widget elementor-widget-divider\" data-id=\"e58029a\" data-element_type=\"widget\" data-e-type=\"widget\" data-widget_type=\"divider.default\">\n\t\t\t\t<div class=\"elementor-widget-container\">\n\t\t\t\t\t\t\t<div class=\"elementor-divider\">\n\t\t\t<span class=\"elementor-divider-separator\">\n\t\t\t\t\t\t<\/span>\n\t\t<\/div>\n\t\t\t\t\t\t<\/div>\n\t\t\t\t<\/div>\n\t\t\t\t\t<\/div>\n\t\t\t\t<\/div>\n\t\t<div class=\"elementor-element elementor-element-fa43a02 e-flex e-con-boxed e-con e-parent\" data-id=\"fa43a02\" data-element_type=\"container\" data-e-type=\"container\">\n\t\t\t\t\t<div class=\"e-con-inner\">\n\t\t\t\t<div class=\"elementor-element elementor-element-ebccd51 elementor-widget elementor-widget-heading\" data-id=\"ebccd51\" data-element_type=\"widget\" data-e-type=\"widget\" data-widget_type=\"heading.default\">\n\t\t\t\t<div class=\"elementor-widget-container\">\n\t\t\t\t\t<h2 class=\"elementor-heading-title elementor-size-default\">Book Chapters<\/h2>\t\t\t\t<\/div>\n\t\t\t\t<\/div>\n\t\t\t\t<div class=\"elementor-element elementor-element-6c6ddcf elementor-widget elementor-widget-heading\" data-id=\"6c6ddcf\" data-element_type=\"widget\" data-e-type=\"widget\" data-widget_type=\"heading.default\">\n\t\t\t\t<div class=\"elementor-widget-container\">\n\t\t\t\t\t<h3 class=\"elementor-heading-title elementor-size-default\">2025<\/h3>\t\t\t\t<\/div>\n\t\t\t\t<\/div>\n\t\t\t\t<div class=\"elementor-element elementor-element-b1a4366 elementor-widget elementor-widget-text-editor\" data-id=\"b1a4366\" data-element_type=\"widget\" data-e-type=\"widget\" data-widget_type=\"text-editor.default\">\n\t\t\t\t<div class=\"elementor-widget-container\">\n\t\t\t\t\t\t\t\t\t<ul>\n \t<li>E. Coronado, B. G\u00f3mez, and G. Cebri\u00e1n-M\u00e1rquez, &#8220;<em>AI-driven network automation<\/em>,&#8221; in Explainable AI for Communications and Networking, H. Chergui, M. Erol-Kantarci, and C. Verikoukis: Academic Press, 2025, pp. 1-21. <a href=\"https:\/\/doi.org\/10.1016\/B978-0-44-329135-7.00011-4\">https:\/\/doi.org\/10.1016\/B978-0-44-329135-7.00011-4<\/a><\/li>\n<\/ul>\t\t\t\t\t\t\t\t<\/div>\n\t\t\t\t<\/div>\n\t\t\t\t\t<\/div>\n\t\t\t\t<\/div>\n\t\t\t\t<\/div>\n\t\t","protected":false},"excerpt":{"rendered":"<p>Journals 2025 C. Torres-P\u00e9rez, E. Coronado, C. Cervell\u00f3-Pastor, J. Palomares, E. Carmona-Cejudo, and M.S. Siddiqui, &#8220;Minimizing active nodes in MEC environments: A distributed learning-driven framework for application placement,&#8221; Computer Networks, 2025. https:\/\/doi.org\/10.1016\/j.comnet.2024.111008 J. Palomares, E. Coronado, A. C\u00e1rdenas, G. Cebri\u00e1n-M\u00e1rquez, E. Carmona-Cejudo, and A. Fern\u00e1ndez-Fern\u00e1ndez, &#8220;Towards Field-Level Device Orchestration in Industrial MEC Deployments,&#8221; IEEE Industrial [&hellip;]<\/p>\n","protected":false},"author":1,"featured_media":0,"parent":0,"menu_order":0,"comment_status":"closed","ping_status":"closed","template":"","meta":{"site-sidebar-layout":"no-sidebar","site-content-layout":"page-builder","ast-site-content-layout":"full-width-container","site-content-style":"unboxed","site-sidebar-style":"unboxed","ast-global-header-display":"","ast-banner-title-visibility":"","ast-main-header-display":"","ast-hfb-above-header-display":"","ast-hfb-below-header-display":"","ast-hfb-mobile-header-display":"","site-post-title":"disabled","ast-breadcrumbs-content":"","ast-featured-img":"disabled","footer-sml-layout":"","ast-disable-related-posts":"","theme-transparent-header-meta":"","adv-header-id-meta":"","stick-header-meta":"","header-above-stick-meta":"","header-main-stick-meta":"","header-below-stick-meta":"","astra-migrate-meta-layouts":"set","ast-page-background-enabled":"default","ast-page-background-meta":{"desktop":{"background-color":"var(--ast-global-color-4)","background-image":"","background-repeat":"repeat","background-position":"center center","background-size":"auto","background-attachment":"scroll","background-type":"","background-media":"","overlay-type":"","overlay-color":"","overlay-opacity":"","overlay-gradient":""},"tablet":{"background-color":"","background-image":"","background-repeat":"repeat","background-position":"center center","background-size":"auto","background-attachment":"scroll","background-type":"","background-media":"","overlay-type":"","overlay-color":"","overlay-opacity":"","overlay-gradient":""},"mobile":{"background-color":"","background-image":"","background-repeat":"repeat","background-position":"center center","background-size":"auto","background-attachment":"scroll","background-type":"","background-media":"","overlay-type":"","overlay-color":"","overlay-opacity":"","overlay-gradient":""}},"ast-content-background-meta":{"desktop":{"background-color":"var(--ast-global-color-5)","background-image":"","background-repeat":"repeat","background-position":"center center","background-size":"auto","background-attachment":"scroll","background-type":"","background-media":"","overlay-type":"","overlay-color":"","overlay-opacity":"","overlay-gradient":""},"tablet":{"background-color":"var(--ast-global-color-5)","background-image":"","background-repeat":"repeat","background-position":"center center","background-size":"auto","background-attachment":"scroll","background-type":"","background-media":"","overlay-type":"","overlay-color":"","overlay-opacity":"","overlay-gradient":""},"mobile":{"background-color":"var(--ast-global-color-5)","background-image":"","background-repeat":"repeat","background-position":"center center","background-size":"auto","background-attachment":"scroll","background-type":"","background-media":"","overlay-type":"","overlay-color":"","overlay-opacity":"","overlay-gradient":""}},"footnotes":""},"class_list":["post-1513","page","type-page","status-publish","hentry"],"_links":{"self":[{"href":"https:\/\/iconda.raap.es\/index.php\/wp-json\/wp\/v2\/pages\/1513","targetHints":{"allow":["GET"]}}],"collection":[{"href":"https:\/\/iconda.raap.es\/index.php\/wp-json\/wp\/v2\/pages"}],"about":[{"href":"https:\/\/iconda.raap.es\/index.php\/wp-json\/wp\/v2\/types\/page"}],"author":[{"embeddable":true,"href":"https:\/\/iconda.raap.es\/index.php\/wp-json\/wp\/v2\/users\/1"}],"replies":[{"embeddable":true,"href":"https:\/\/iconda.raap.es\/index.php\/wp-json\/wp\/v2\/comments?post=1513"}],"version-history":[{"count":53,"href":"https:\/\/iconda.raap.es\/index.php\/wp-json\/wp\/v2\/pages\/1513\/revisions"}],"predecessor-version":[{"id":1628,"href":"https:\/\/iconda.raap.es\/index.php\/wp-json\/wp\/v2\/pages\/1513\/revisions\/1628"}],"wp:attachment":[{"href":"https:\/\/iconda.raap.es\/index.php\/wp-json\/wp\/v2\/media?parent=1513"}],"curies":[{"name":"wp","href":"https:\/\/api.w.org\/{rel}","templated":true}]}}